{"id":99,"date":"2023-08-13T11:57:14","date_gmt":"2023-08-13T09:57:14","guid":{"rendered":"https:\/\/gestoriamagi.com\/distintiu-medioambiental\/"},"modified":"2024-02-23T19:08:11","modified_gmt":"2024-02-23T18:08:11","slug":"distintivo-medioambiental-dgt","status":"publish","type":"page","link":"https:\/\/gestoriamagi.com\/es\/distintivo-medioambiental-dgt\/","title":{"rendered":"Distintivo medioambiental"},"content":{"rendered":"\t\t<div data-elementor-type=\"wp-page\" data-elementor-id=\"99\" class=\"elementor elementor-99 elementor-94\" data-elementor-post-type=\"page\">\n\t\t\t\t<div class=\"elementor-element elementor-element-004d8b5 e-flex e-con-boxed e-con e-parent\" data-id=\"004d8b5\" data-element_type=\"container\" data-core-v316-plus=\"true\">\n\t\t\t\t\t<div class=\"e-con-inner\">\n\t\t<div class=\"elementor-element elementor-element-3c0e333 e-flex e-con-boxed e-con e-child\" data-id=\"3c0e333\" data-element_type=\"container\">\n\t\t\t\t\t<div class=\"e-con-inner\">\n\t\t\t\t<div class=\"elementor-element elementor-element-c732bdf elementor-widget elementor-widget-heading\" data-id=\"c732bdf\" data-element_type=\"widget\" data-widget_type=\"heading.default\">\n\t\t\t\t<div class=\"elementor-widget-container\">\n\t\t\t<style>\/*! elementor - v3.20.0 - 13-03-2024 *\/\n.elementor-heading-title{padding:0;margin:0;line-height:1}.elementor-widget-heading .elementor-heading-title[class*=elementor-size-]>a{color:inherit;font-size:inherit;line-height:inherit}.elementor-widget-heading .elementor-heading-title.elementor-size-small{font-size:15px}.elementor-widget-heading .elementor-heading-title.elementor-size-medium{font-size:19px}.elementor-widget-heading .elementor-heading-title.elementor-size-large{font-size:29px}.elementor-widget-heading .elementor-heading-title.elementor-size-xl{font-size:39px}.elementor-widget-heading .elementor-heading-title.elementor-size-xxl{font-size:59px}<\/style><h1 class=\"elementor-heading-title elementor-size-default\"><b>Tr\u00e1mites para veh\u00edculos<\/b> | Distintivo medioambiental DGT<\/h1>\t\t<\/div>\n\t\t\t\t<\/div>\n\t\t\t\t\t<\/div>\n\t\t\t\t<\/div>\n\t\t\t\t\t<\/div>\n\t\t\t\t<\/div>\n\t\t<div class=\"elementor-element elementor-element-6eb7732 e-flex e-con-boxed e-con e-parent\" data-id=\"6eb7732\" data-element_type=\"container\" data-core-v316-plus=\"true\">\n\t\t\t\t\t<div class=\"e-con-inner\">\n\t\t\t\t<div class=\"elementor-element elementor-element-fae625c elementor-widget elementor-widget-text-editor\" data-id=\"fae625c\" data-element_type=\"widget\" data-widget_type=\"text-editor.default\">\n\t\t\t\t<div class=\"elementor-widget-container\">\n\t\t\t<style>\/*! elementor - v3.20.0 - 13-03-2024 *\/\n.elementor-widget-text-editor.elementor-drop-cap-view-stacked .elementor-drop-cap{background-color:#69727d;color:#fff}.elementor-widget-text-editor.elementor-drop-cap-view-framed .elementor-drop-cap{color:#69727d;border:3px solid;background-color:transparent}.elementor-widget-text-editor:not(.elementor-drop-cap-view-default) .elementor-drop-cap{margin-top:8px}.elementor-widget-text-editor:not(.elementor-drop-cap-view-default) .elementor-drop-cap-letter{width:1em;height:1em}.elementor-widget-text-editor .elementor-drop-cap{float:left;text-align:center;line-height:1;font-size:50px}.elementor-widget-text-editor .elementor-drop-cap-letter{display:inline-block}<\/style>\t\t\t\t<p style=\"text-align: left;\"><strong>Distinguible ambiental DGT<\/strong><\/p>\n<p>\u00a1Consulta qu\u00e9 distintivo medioambiental de la DGT corresponde a tu coche o moto y obt\u00e9n el tuyo de forma r\u00e1pida y sencilla!<\/p>\n<p><strong>Documentaci\u00f3n necesaria<\/strong><\/p>\n<ul>\n<li>Documento identificativo del propietario del veh\u00edculo<\/li>\n<li>Permiso de circulaci\u00f3n<\/li>\n<\/ul>\n<p><br><\/p>\n<p><b>FAQs<\/b><\/p>\n<p><strong style=\"color: var( --e-global-color-text ); font-family: var( --e-global-typography-text-font-family ), Sans-serif; text-align: var(--text-align); font-size: 1rem;\">\u00bfQu\u00e9 es y para qu\u00e9 sirve el distintivo?<\/strong><\/p>\n<p>El distintivo ambiental es una etiqueta que clasifica en funci\u00f3n de los niveles de contaminaci\u00f3n de tu veh\u00edculo. En algunas ciudades ya se est\u00e1 utilizando este distintivo ambiental para restringir el tr\u00e1fico los d\u00edas de alta contaminaci\u00f3n, prohibiendo la circulaci\u00f3n a los veh\u00edculos que no lo tienen.<\/p>\n<p><strong>Si no llevo el distintivo colocado, \u00bfpuedo beneficiarme de las ventajas?<\/strong><\/p>\n<p>No. Dado que la utilidad del distintivo es que los agentes puedan discriminar f\u00e1cilmente los veh\u00edculos m\u00e1s ecol\u00f3gicos de un vistazo (por ejemplo, en d\u00edas de alta contaminaci\u00f3n), si no lo llevas visible, es imposible que lo hagan, por lo tanto, aunque tu coche cumpla con los requisitos, no podr\u00e1s beneficiarte de las ventajas que comportan los distintivos.<\/p>\n<p><strong>\u00bfQu\u00e9 tipos de distintivos existen?<\/strong><\/p>\n<table>\n<tbody>\n<tr>\n<td style=\"text-align: center;\" width=\"20%\"><img decoding=\"async\" class=\"alignnone size-full wp-image-527\" src=\"https:\/\/gestoriamagi.com\/wp-content\/uploads\/2023\/09\/Imagen-1.png\" alt=\"\" width=\"100\" height=\"100\"><\/td>\n<td>\n<p><a href=\"https:\/\/sede.dgt.gob.es\/es\/vehiculos\/distintivo-ambiental\/etiqueta-ambiental-0-azul.shtml\" target=\"_blank\" rel=\"noopener\"><strong>Etiqueta 0 emisiones, Azul<\/strong><\/a>: Identifica los veh\u00edculos m\u00e1s eficientes.&nbsp;Tendr\u00e1n derecho a esta etiqueta el\u00e9ctricos de bater\u00eda (BEV), el\u00e9ctricos de autonom\u00eda extendida (REEV), el\u00e9ctricos h\u00edbridos enchufables (PHEV) con una autonom\u00eda de 40 km o veh\u00edculos de pila de combustible.<\/p>\n<\/td>\n<\/tr>\n<tr>\n<td style=\"text-align: center;\"><img decoding=\"async\" class=\"alignnone size-full wp-image-529\" src=\"https:\/\/gestoriamagi.com\/wp-content\/uploads\/2023\/09\/Imagen-2.png\" alt=\"\" width=\"100\" height=\"100\"><\/td>\n<td>\n<p><a href=\"https:\/\/sede.dgt.gob.es\/es\/vehiculos\/distintivo-ambiental\/etiqueta-ambiental-eco.shtml\" target=\"_blank\" rel=\"noopener\"><strong>Etiqueta Eco<\/strong><\/a>: Los siguientes en el escal\u00f3n de eficiencia, se trata mayoritariamente de veh\u00edculos h\u00edbridos, gas o ambos.&nbsp;Tendr\u00e1n derecho a esta etiqueta el\u00e9ctricos enchufables con autonom\u00eda inferior a 40 km, h\u00edbridos no enchufables (HEV), veh\u00edculos propulsados por gas natural y gas (GNC y GNL) o gas licuado del petr\u00f3leo (GLP).&nbsp;Deber\u00e9is cumplir los criterios de la etiqueta C.<\/p>\n<\/td>\n<\/tr>\n<tr>\n<td style=\"text-align: center;\"><img decoding=\"async\" class=\"alignnone size-full wp-image-531\" src=\"https:\/\/gestoriamagi.com\/wp-content\/uploads\/2023\/09\/Imagen-3.png\" alt=\"\" width=\"100\" height=\"100\"><\/td>\n<td>\n<p><a href=\"https:\/\/sede.dgt.gob.es\/es\/vehiculos\/distintivo-ambiental\/etiqueta-ambiental-c-verde.shtml\" target=\"_blank\" rel=\"noopener\"><strong>Etiqueta C, Verde<\/strong><\/a>: Veh\u00edculos de combusti\u00f3n interna que cumplen con las \u00faltimas emisiones EURO.&nbsp;Tendr\u00e1n derecho a esta etiqueta turismos y furgonetas ligeras de gasolina matriculadas a partir de enero de 2006 y di\u00e9sel a partir de septiembre de 2015. Veh\u00edculos de m\u00e1s de 8 plazas, excluido el conductor, y pesados tanto de gasolina como di\u00e9sel, matriculados desde 2014.<\/p>\n<\/td>\n<\/tr>\n<tr>\n<td style=\"text-align: center;\"><img loading=\"lazy\" decoding=\"async\" class=\"alignnone size-full wp-image-533\" src=\"https:\/\/gestoriamagi.com\/wp-content\/uploads\/2023\/09\/Imagen-4.png\" alt=\"\" width=\"100\" height=\"100\"><\/td>\n<td>\n<p><a href=\"https:\/\/sede.dgt.gob.es\/es\/vehiculos\/distintivo-ambiental\/etiqueta-ambiental-b-amarilla.shtml\" target=\"_blank\" rel=\"noopener\"><strong>Etiqueta B, Amarilla<\/strong><\/a>: Veh\u00edculos de combusti\u00f3n interna que si bien no cumplen con las \u00faltimas especificaciones de las emisiones EURO, s\u00ed que lo hacen con anteriores.&nbsp;Tendr\u00e1n derecho a esta etiqueta turismos y furgonetas ligeras de gasolina matriculadas desde el 1 de enero de 2001 y di\u00e9sel a partir de 2006. Veh\u00edculos de m\u00e1s de 8 plazas y pesados tanto de gasolina como di\u00e9sel, matriculados desde 2006.<\/p>\n<\/td>\n<\/tr>\n<\/tbody>\n<\/table>\n<p><strong>\u00bfEn qu\u00e9 parte del veh\u00edculo debo colocar el distintivo ambiental?<\/strong><\/p>\n<p style=\"text-align: left;\">El distintivo debe ir adherido en el \u00e1ngulo inferior derecho del parabrisas delantero, si se dispone. Si no hay (en el caso de motocicletas), en cualquier lugar visible del veh\u00edculo.<\/p>\t\t\t\t\t\t<\/div>\n\t\t\t\t<\/div>\n\t\t\t\t\t<\/div>\n\t\t\t\t<\/div>\n\t\t\t\t<\/div>\n\t\t","protected":false},"excerpt":{"rendered":"<p>Tr\u00e1mites para veh\u00edculos | Distintivo medioambiental DGT Distinguible ambiental DGT \u00a1Consulta qu\u00e9 distintivo medioambiental de la DGT corresponde a tu coche o moto y obt\u00e9n el tuyo de forma r\u00e1pida y sencilla! Documentaci\u00f3n necesaria Documento identificativo del propietario del veh\u00edculo Permiso de circulaci\u00f3n &nbsp; FAQs \u00bfQu\u00e9 es y para qu\u00e9 sirve el distintivo? El distintivo [&hellip;]<\/p>\n","protected":false},"author":1,"featured_media":0,"parent":0,"menu_order":6,"comment_status":"closed","ping_status":"closed","template":"","meta":{"_acf_changed":false,"footnotes":""},"class_list":["post-99","page","type-page","status-publish","hentry"],"acf":[],"_links":{"self":[{"href":"https:\/\/gestoriamagi.com\/es\/wp-json\/wp\/v2\/pages\/99","targetHints":{"allow":["GET"]}}],"collection":[{"href":"https:\/\/gestoriamagi.com\/es\/wp-json\/wp\/v2\/pages"}],"about":[{"href":"https:\/\/gestoriamagi.com\/es\/wp-json\/wp\/v2\/types\/page"}],"author":[{"embeddable":true,"href":"https:\/\/gestoriamagi.com\/es\/wp-json\/wp\/v2\/users\/1"}],"replies":[{"embeddable":true,"href":"https:\/\/gestoriamagi.com\/es\/wp-json\/wp\/v2\/comments?post=99"}],"version-history":[{"count":24,"href":"https:\/\/gestoriamagi.com\/es\/wp-json\/wp\/v2\/pages\/99\/revisions"}],"predecessor-version":[{"id":65824,"href":"https:\/\/gestoriamagi.com\/es\/wp-json\/wp\/v2\/pages\/99\/revisions\/65824"}],"wp:attachment":[{"href":"https:\/\/gestoriamagi.com\/es\/wp-json\/wp\/v2\/media?parent=99"}],"curies":[{"name":"wp","href":"https:\/\/api.w.org\/{rel}","templated":true}]}}