{"id":98,"date":"2023-08-13T11:56:59","date_gmt":"2023-08-13T09:56:59","guid":{"rendered":"https:\/\/gestoriamagi.com\/baixes-temporals\/"},"modified":"2024-02-23T18:53:49","modified_gmt":"2024-02-23T17:53:49","slug":"baja-temporal-dgt-coche-moto","status":"publish","type":"page","link":"https:\/\/gestoriamagi.com\/es\/baja-temporal-dgt-coche-moto\/","title":{"rendered":"Bajas temporales"},"content":{"rendered":"\t\t<div data-elementor-type=\"wp-page\" data-elementor-id=\"98\" class=\"elementor elementor-98 elementor-92\" data-elementor-post-type=\"page\">\n\t\t\t\t<div class=\"elementor-element elementor-element-aaa61a0 e-flex e-con-boxed e-con e-parent\" data-id=\"aaa61a0\" data-element_type=\"container\" data-core-v316-plus=\"true\">\n\t\t\t\t\t<div class=\"e-con-inner\">\n\t\t<div class=\"elementor-element elementor-element-65b6608 e-flex e-con-boxed e-con e-child\" data-id=\"65b6608\" data-element_type=\"container\">\n\t\t\t\t\t<div class=\"e-con-inner\">\n\t\t\t\t<div class=\"elementor-element elementor-element-5eb71b2 elementor-widget elementor-widget-heading\" data-id=\"5eb71b2\" data-element_type=\"widget\" data-widget_type=\"heading.default\">\n\t\t\t\t<div class=\"elementor-widget-container\">\n\t\t\t<style>\/*! elementor - v3.20.0 - 13-03-2024 *\/\n.elementor-heading-title{padding:0;margin:0;line-height:1}.elementor-widget-heading .elementor-heading-title[class*=elementor-size-]>a{color:inherit;font-size:inherit;line-height:inherit}.elementor-widget-heading .elementor-heading-title.elementor-size-small{font-size:15px}.elementor-widget-heading .elementor-heading-title.elementor-size-medium{font-size:19px}.elementor-widget-heading .elementor-heading-title.elementor-size-large{font-size:29px}.elementor-widget-heading .elementor-heading-title.elementor-size-xl{font-size:39px}.elementor-widget-heading .elementor-heading-title.elementor-size-xxl{font-size:59px}<\/style><h1 class=\"elementor-heading-title elementor-size-default\"><b>Tr\u00e1mites para veh\u00edculos<\/b> | Baja temporal DGT coche o moto<\/h1>\t\t<\/div>\n\t\t\t\t<\/div>\n\t\t\t\t\t<\/div>\n\t\t\t\t<\/div>\n\t\t\t\t\t<\/div>\n\t\t\t\t<\/div>\n\t\t<div class=\"elementor-element elementor-element-d436a9d e-flex e-con-boxed e-con e-parent\" data-id=\"d436a9d\" data-element_type=\"container\" data-core-v316-plus=\"true\">\n\t\t\t\t\t<div class=\"e-con-inner\">\n\t\t\t\t<div class=\"elementor-element elementor-element-e911243 elementor-widget elementor-widget-text-editor\" data-id=\"e911243\" data-element_type=\"widget\" data-widget_type=\"text-editor.default\">\n\t\t\t\t<div class=\"elementor-widget-container\">\n\t\t\t<style>\/*! elementor - v3.20.0 - 13-03-2024 *\/\n.elementor-widget-text-editor.elementor-drop-cap-view-stacked .elementor-drop-cap{background-color:#69727d;color:#fff}.elementor-widget-text-editor.elementor-drop-cap-view-framed .elementor-drop-cap{color:#69727d;border:3px solid;background-color:transparent}.elementor-widget-text-editor:not(.elementor-drop-cap-view-default) .elementor-drop-cap{margin-top:8px}.elementor-widget-text-editor:not(.elementor-drop-cap-view-default) .elementor-drop-cap-letter{width:1em;height:1em}.elementor-widget-text-editor .elementor-drop-cap{float:left;text-align:center;line-height:1;font-size:50px}.elementor-widget-text-editor .elementor-drop-cap-letter{display:inline-block}<\/style>\t\t\t\t<p><strong>Baja temporal de un veh\u00edculo en la DGT<\/strong><\/p><p>Si no circular\u00e1s con tu veh\u00edculo durante un periodo de tiempo, limitado a un a\u00f1o, puedes darlo de baja temporalmente, de esta manera te ahorrar\u00e1s tener que pagar el impuesto de circulaci\u00f3n (IVTM), el pago de seguro y el tener que pasar la ITV. Nosotros te tramitamos la baja de manera r\u00e1pida y sencilla.<\/p><p><strong>Documentaci\u00f3n necesaria<\/strong><\/p><ul><li>Documento identificativo del propietario del veh\u00edculo<\/li><li>Permiso de circulaci\u00f3n<\/li><\/ul><p>\u00a0<\/p><p><strong>FAQs<\/strong><\/p><p><strong>\u00bfQu\u00e9 veh\u00edculos podr\u00edan darse de baja temporal?<\/strong><\/p><p>La baja temporal podr\u00eda aplicarse a cualquier tipo de veh\u00edculo: coche, moto, cami\u00f3n, autob\u00fas, etc.<\/p><p><strong>\u00bfSe puede circular con un coche que est\u00e9 dado de baja temporal?<\/strong><\/p><p>No. Antes para poder circular con un coche dado de baja temporal, tendr\u00e1s que tramitar el alta de la baja temporal.<\/p><p><strong>\u00bfHay que pasar la ITV de un veh\u00edculo de baja temporal y tenerlo asegurado?<\/strong><\/p><p>No. En situaci\u00f3n de baja temporal no es necesario que tengas la ITV en vigor, ni que contrates un seguro para tu veh\u00edculo.<\/p><p><strong>\u00bfC\u00f3mo podr\u00eda dar de baja temporal un veh\u00edculo del cual no tengo papeles?<\/strong><\/p><p>Si los has extraviado, te facilitaremos una declaraci\u00f3n responsable indicando esta circunstancia.<\/p><p><strong>\u00bfCu\u00e1ndo se dejar\u00e1 de pagar el impuesto de circulaci\u00f3n (IVTM)?<\/strong><\/p><p>Si el veh\u00edculo est\u00e1 en situaci\u00f3n de alta, se genera el pago del impuesto el d\u00eda 1 de enero, circule o no el veh\u00edculo, por lo tanto, para evitar que se genere un nuevo impuesto, se recomienda dar de baja el veh\u00edculo dentro del a\u00f1o natural, entre el 1 de enero y el 31 de diciembre.<\/p><p><strong>\u00bfSe debe comunicar la baja de mi veh\u00edculo al Ayuntamiento para evitar la generaci\u00f3n de impuestos?<\/strong><\/p><p>No, con el tr\u00e1mite de baja temporal es suficiente para la no generaci\u00f3n de nuevos impuestos.<\/p>\t\t\t\t\t\t<\/div>\n\t\t\t\t<\/div>\n\t\t\t\t\t<\/div>\n\t\t\t\t<\/div>\n\t\t\t\t<\/div>\n\t\t","protected":false},"excerpt":{"rendered":"<p>Tr\u00e1mites para veh\u00edculos | Baja temporal DGT coche o moto Baja temporal de un veh\u00edculo en la DGT Si no circular\u00e1s con tu veh\u00edculo durante un periodo de tiempo, limitado a un a\u00f1o, puedes darlo de baja temporalmente, de esta manera te ahorrar\u00e1s tener que pagar el impuesto de circulaci\u00f3n (IVTM), el pago de seguro [&hellip;]<\/p>\n","protected":false},"author":1,"featured_media":0,"parent":0,"menu_order":5,"comment_status":"closed","ping_status":"closed","template":"","meta":{"_acf_changed":false,"footnotes":""},"class_list":["post-98","page","type-page","status-publish","hentry"],"acf":[],"_links":{"self":[{"href":"https:\/\/gestoriamagi.com\/es\/wp-json\/wp\/v2\/pages\/98","targetHints":{"allow":["GET"]}}],"collection":[{"href":"https:\/\/gestoriamagi.com\/es\/wp-json\/wp\/v2\/pages"}],"about":[{"href":"https:\/\/gestoriamagi.com\/es\/wp-json\/wp\/v2\/types\/page"}],"author":[{"embeddable":true,"href":"https:\/\/gestoriamagi.com\/es\/wp-json\/wp\/v2\/users\/1"}],"replies":[{"embeddable":true,"href":"https:\/\/gestoriamagi.com\/es\/wp-json\/wp\/v2\/comments?post=98"}],"version-history":[{"count":25,"href":"https:\/\/gestoriamagi.com\/es\/wp-json\/wp\/v2\/pages\/98\/revisions"}],"predecessor-version":[{"id":65798,"href":"https:\/\/gestoriamagi.com\/es\/wp-json\/wp\/v2\/pages\/98\/revisions\/65798"}],"wp:attachment":[{"href":"https:\/\/gestoriamagi.com\/es\/wp-json\/wp\/v2\/media?parent=98"}],"curies":[{"name":"wp","href":"https:\/\/api.w.org\/{rel}","templated":true}]}}