{"id":45,"date":"2023-08-13T11:43:56","date_gmt":"2023-08-13T09:43:56","guid":{"rendered":"https:\/\/gestoriamagi.com\/area-de-client\/"},"modified":"2024-02-23T18:46:05","modified_gmt":"2024-02-23T17:46:05","slug":"cambio-de-nombre","status":"publish","type":"page","link":"https:\/\/gestoriamagi.com\/es\/cambio-de-nombre\/","title":{"rendered":"Cambio de nombre"},"content":{"rendered":"\t\t<div data-elementor-type=\"wp-page\" data-elementor-id=\"45\" class=\"elementor elementor-45 elementor-43\" data-elementor-post-type=\"page\">\n\t\t\t\t<div class=\"elementor-element elementor-element-5f1eaaf e-flex e-con-boxed e-con e-parent\" data-id=\"5f1eaaf\" data-element_type=\"container\" data-core-v316-plus=\"true\">\n\t\t\t\t\t<div class=\"e-con-inner\">\n\t\t<div class=\"elementor-element elementor-element-ec9d1af e-flex e-con-boxed e-con e-child\" data-id=\"ec9d1af\" data-element_type=\"container\">\n\t\t\t\t\t<div class=\"e-con-inner\">\n\t\t\t\t<div class=\"elementor-element elementor-element-bd8d2e1 elementor-widget elementor-widget-heading\" data-id=\"bd8d2e1\" data-element_type=\"widget\" data-widget_type=\"heading.default\">\n\t\t\t\t<div class=\"elementor-widget-container\">\n\t\t\t<style>\/*! elementor - v3.20.0 - 13-03-2024 *\/\n.elementor-heading-title{padding:0;margin:0;line-height:1}.elementor-widget-heading .elementor-heading-title[class*=elementor-size-]>a{color:inherit;font-size:inherit;line-height:inherit}.elementor-widget-heading .elementor-heading-title.elementor-size-small{font-size:15px}.elementor-widget-heading .elementor-heading-title.elementor-size-medium{font-size:19px}.elementor-widget-heading .elementor-heading-title.elementor-size-large{font-size:29px}.elementor-widget-heading .elementor-heading-title.elementor-size-xl{font-size:39px}.elementor-widget-heading .elementor-heading-title.elementor-size-xxl{font-size:59px}<\/style><h1 class=\"elementor-heading-title elementor-size-default\"><b>Tr\u00e1mites para veh\u00edculos<\/b> | Cambio de nombre<\/h1>\t\t<\/div>\n\t\t\t\t<\/div>\n\t\t\t\t\t<\/div>\n\t\t\t\t<\/div>\n\t\t\t\t\t<\/div>\n\t\t\t\t<\/div>\n\t\t<div class=\"elementor-element elementor-element-5fb96e1 e-flex e-con-boxed e-con e-parent\" data-id=\"5fb96e1\" data-element_type=\"container\" data-core-v316-plus=\"true\">\n\t\t\t\t\t<div class=\"e-con-inner\">\n\t\t<div class=\"elementor-element elementor-element-cafd2a5 e-con-full e-flex e-con e-child\" data-id=\"cafd2a5\" data-element_type=\"container\">\n\t\t\t\t<div class=\"elementor-element elementor-element-d864bdb elementor-widget elementor-widget-text-editor\" data-id=\"d864bdb\" data-element_type=\"widget\" data-widget_type=\"text-editor.default\">\n\t\t\t\t<div class=\"elementor-widget-container\">\n\t\t\t<style>\/*! elementor - v3.20.0 - 13-03-2024 *\/\n.elementor-widget-text-editor.elementor-drop-cap-view-stacked .elementor-drop-cap{background-color:#69727d;color:#fff}.elementor-widget-text-editor.elementor-drop-cap-view-framed .elementor-drop-cap{color:#69727d;border:3px solid;background-color:transparent}.elementor-widget-text-editor:not(.elementor-drop-cap-view-default) .elementor-drop-cap{margin-top:8px}.elementor-widget-text-editor:not(.elementor-drop-cap-view-default) .elementor-drop-cap-letter{width:1em;height:1em}.elementor-widget-text-editor .elementor-drop-cap{float:left;text-align:center;line-height:1;font-size:50px}.elementor-widget-text-editor .elementor-drop-cap-letter{display:inline-block}<\/style>\t\t\t\t<p><b>Cambio de nombre<\/b><\/p><p>Gestionamos el cambio de titularidad o de nombre del veh\u00edculo r\u00e1pida y f\u00e1cilmente en la DGT.<\/p><p>Beneficios<\/p><ul><li>Generaci\u00f3n de contrato de compraventa<\/li><li>Tramitaci\u00f3n del cambio de nombre<\/li><li>Pago de tasas e impuestos de transmisiones a Hacienda<\/li><li>Permiso provisional o justificante profesional en el momento<\/li><\/ul>\t\t\t\t\t\t<\/div>\n\t\t\t\t<\/div>\n\t\t\t\t<\/div>\n\t\t<div class=\"elementor-element elementor-element-552af58 e-con-full e-flex e-con e-child\" data-id=\"552af58\" data-element_type=\"container\">\n\t\t\t\t<\/div>\n\t\t\t\t\t<\/div>\n\t\t\t\t<\/div>\n\t\t\t\t<\/div>\n\t\t","protected":false},"excerpt":{"rendered":"<p>Tr\u00e1mites para veh\u00edculos | Cambio de nombre Cambio de nombre Gestionamos el cambio de titularidad o de nombre del veh\u00edculo r\u00e1pida y f\u00e1cilmente en la DGT. Beneficios Generaci\u00f3n de contrato de compraventa Tramitaci\u00f3n del cambio de nombre Pago de tasas e impuestos de transmisiones a Hacienda Permiso provisional o justificante profesional en el momento<\/p>\n","protected":false},"author":1,"featured_media":0,"parent":0,"menu_order":2,"comment_status":"closed","ping_status":"closed","template":"","meta":{"_acf_changed":false,"footnotes":""},"class_list":["post-45","page","type-page","status-publish","hentry"],"acf":[],"_links":{"self":[{"href":"https:\/\/gestoriamagi.com\/es\/wp-json\/wp\/v2\/pages\/45","targetHints":{"allow":["GET"]}}],"collection":[{"href":"https:\/\/gestoriamagi.com\/es\/wp-json\/wp\/v2\/pages"}],"about":[{"href":"https:\/\/gestoriamagi.com\/es\/wp-json\/wp\/v2\/types\/page"}],"author":[{"embeddable":true,"href":"https:\/\/gestoriamagi.com\/es\/wp-json\/wp\/v2\/users\/1"}],"replies":[{"embeddable":true,"href":"https:\/\/gestoriamagi.com\/es\/wp-json\/wp\/v2\/comments?post=45"}],"version-history":[{"count":29,"href":"https:\/\/gestoriamagi.com\/es\/wp-json\/wp\/v2\/pages\/45\/revisions"}],"predecessor-version":[{"id":65783,"href":"https:\/\/gestoriamagi.com\/es\/wp-json\/wp\/v2\/pages\/45\/revisions\/65783"}],"wp:attachment":[{"href":"https:\/\/gestoriamagi.com\/es\/wp-json\/wp\/v2\/media?parent=45"}],"curies":[{"name":"wp","href":"https:\/\/api.w.org\/{rel}","templated":true}]}}