{"id":34,"date":"2023-08-13T11:43:02","date_gmt":"2023-08-13T09:43:02","guid":{"rendered":"https:\/\/gestoriamagi.com\/conductors\/"},"modified":"2024-03-08T18:03:38","modified_gmt":"2024-03-08T17:03:38","slug":"como-funcionamos-cambio-de-nombre-vehiculo","status":"publish","type":"page","link":"https:\/\/gestoriamagi.com\/es\/como-funcionamos-cambio-de-nombre-vehiculo\/","title":{"rendered":"\u00bfC\u00f3mo funcionamos?"},"content":{"rendered":"\t\t<div data-elementor-type=\"wp-page\" data-elementor-id=\"34\" class=\"elementor elementor-34 elementor-32\" data-elementor-post-type=\"page\">\n\t\t\t\t<div class=\"elementor-element elementor-element-0033d5e e-flex e-con-boxed e-con e-parent\" data-id=\"0033d5e\" data-element_type=\"container\" data-core-v316-plus=\"true\">\n\t\t\t\t\t<div class=\"e-con-inner\">\n\t\t<div class=\"elementor-element elementor-element-99723ea e-flex e-con-boxed e-con e-child\" data-id=\"99723ea\" data-element_type=\"container\">\n\t\t\t\t\t<div class=\"e-con-inner\">\n\t\t\t\t<div class=\"elementor-element elementor-element-4107fdb elementor-widget elementor-widget-heading\" data-id=\"4107fdb\" data-element_type=\"widget\" data-widget_type=\"heading.default\">\n\t\t\t\t<div class=\"elementor-widget-container\">\n\t\t\t<style>\/*! elementor - v3.20.0 - 13-03-2024 *\/\n.elementor-heading-title{padding:0;margin:0;line-height:1}.elementor-widget-heading .elementor-heading-title[class*=elementor-size-]>a{color:inherit;font-size:inherit;line-height:inherit}.elementor-widget-heading .elementor-heading-title.elementor-size-small{font-size:15px}.elementor-widget-heading .elementor-heading-title.elementor-size-medium{font-size:19px}.elementor-widget-heading .elementor-heading-title.elementor-size-large{font-size:29px}.elementor-widget-heading .elementor-heading-title.elementor-size-xl{font-size:39px}.elementor-widget-heading .elementor-heading-title.elementor-size-xxl{font-size:59px}<\/style><h1 class=\"elementor-heading-title elementor-size-default\"><b>Gestoria Mag\u00ed<\/b> | \u00bfC\u00f3mo funcionamos? Cambio de nombre veh\u00edculo<\/h1>\t\t<\/div>\n\t\t\t\t<\/div>\n\t\t\t\t\t<\/div>\n\t\t\t\t<\/div>\n\t\t\t\t\t<\/div>\n\t\t\t\t<\/div>\n\t\t<div class=\"elementor-element elementor-element-80ae15d e-flex e-con-boxed e-con e-parent\" data-id=\"80ae15d\" data-element_type=\"container\" data-core-v316-plus=\"true\">\n\t\t\t\t\t<div class=\"e-con-inner\">\n\t\t\t\t<div class=\"elementor-element elementor-element-61fe3cb elementor-widget elementor-widget-text-editor\" data-id=\"61fe3cb\" data-element_type=\"widget\" data-widget_type=\"text-editor.default\">\n\t\t\t\t<div class=\"elementor-widget-container\">\n\t\t\t<style>\/*! elementor - v3.20.0 - 13-03-2024 *\/\n.elementor-widget-text-editor.elementor-drop-cap-view-stacked .elementor-drop-cap{background-color:#69727d;color:#fff}.elementor-widget-text-editor.elementor-drop-cap-view-framed .elementor-drop-cap{color:#69727d;border:3px solid;background-color:transparent}.elementor-widget-text-editor:not(.elementor-drop-cap-view-default) .elementor-drop-cap{margin-top:8px}.elementor-widget-text-editor:not(.elementor-drop-cap-view-default) .elementor-drop-cap-letter{width:1em;height:1em}.elementor-widget-text-editor .elementor-drop-cap{float:left;text-align:center;line-height:1;font-size:50px}.elementor-widget-text-editor .elementor-drop-cap-letter{display:inline-block}<\/style>\t\t\t\t<p>Si deseas saber c\u00f3mo funciona el cambio de nombre de veh\u00edculos, te indicamos c\u00f3mo hacerlo de manera r\u00e1pida y sencilla con Mag\u00ed Gestoria.<\/p><table width=\"108%\"><tbody><tr><td width=\"32%\"><p><strong>1.\u00a0\u00a0\u00a0 <\/strong><strong>Calculadora y presupuesto<\/strong><\/p><\/td><td width=\"67%\"><p>Introduce los datos del veh\u00edculo y la calculadora te presentar\u00e1 el costo total de la transmisi\u00f3n del veh\u00edculo, Precio del cambio de nombre + Impuesto de Transmisiones Patrimoniales (ITP), este impuesto cambia en funci\u00f3n de las caracter\u00edsticas del veh\u00edculo, de la antig\u00fcedad del mismo y de la comunidad aut\u00f3noma del comprador del veh\u00edculo.<\/p><\/td><\/tr><tr><td width=\"32%\"><p><strong>2.\u00a0\u00a0\u00a0 <\/strong><strong>Sube o env\u00eda documentaci\u00f3n<\/strong><\/p><\/td><td width=\"67%\"><p>Adjunta o env\u00edanos fotograf\u00edas de la documentaci\u00f3n: contrato de compraventa, documentos de identidad del comprador y el vendedor y documentaci\u00f3n del veh\u00edculo (permiso de circulaci\u00f3n y ficha t\u00e9cnica).<\/p><\/td><\/tr><tr><td width=\"32%\"><p><strong>3.\u00a0\u00a0\u00a0 <\/strong><strong>Consulta de la tramitabilidad con la DGT<\/strong><\/p><\/td><td width=\"67%\"><p>Una vez recibida la documentaci\u00f3n, Gestoria Mag\u00ed har\u00e1 la consulta con la DGT para conocer que no hay ning\u00fan tipo de problema con la transferencia.<\/p><\/td><\/tr><tr><td width=\"32%\"><p><strong>4.\u00a0\u00a0\u00a0 <\/strong><strong>Firma del mandato y pago del tr\u00e1mite<\/strong><\/p><\/td><td width=\"67%\"><p>Una vez firmados los documentos, se realizar\u00e1 el cargo del importe indicado en el presupuesto.<\/p><\/td><\/tr><tr><td width=\"32%\"><p><strong>5.\u00a0\u00a0\u00a0 <\/strong><strong>Tramitaci\u00f3n y env\u00edo del justificante provisional<\/strong><\/p><\/td><td width=\"67%\"><p>En este punto, Gestoria Mag\u00ed comenzar\u00e1 el proceso de tr\u00e1mite de cambio de nombre (generaci\u00f3n de solicitud y contrato de compraventa, pago de tasas e ITP, transporte, custodia y entrega de documentaci\u00f3n).<\/p><p>Hasta que no tengas el permiso de circulaci\u00f3n definitivo, Gestoria Mag\u00ed te tramitar\u00e1 un certificado provisional para que puedas circular con tu coche.<\/p><\/td><\/tr><\/tbody><\/table>\t\t\t\t\t\t<\/div>\n\t\t\t\t<\/div>\n\t\t\t\t\t<\/div>\n\t\t\t\t<\/div>\n\t\t\t\t<\/div>\n\t\t","protected":false},"excerpt":{"rendered":"<p>Gestoria Mag\u00ed | \u00bfC\u00f3mo funcionamos? Cambio de nombre veh\u00edculo Si deseas saber c\u00f3mo funciona el cambio de nombre de veh\u00edculos, te indicamos c\u00f3mo hacerlo de manera r\u00e1pida y sencilla con Mag\u00ed Gestoria. 1.\u00a0\u00a0\u00a0 Calculadora y presupuesto Introduce los datos del veh\u00edculo y la calculadora te presentar\u00e1 el costo total de la transmisi\u00f3n del veh\u00edculo, Precio [&hellip;]<\/p>\n","protected":false},"author":1,"featured_media":0,"parent":0,"menu_order":11,"comment_status":"closed","ping_status":"closed","template":"","meta":{"_acf_changed":false,"footnotes":""},"class_list":["post-34","page","type-page","status-publish","hentry"],"acf":[],"_links":{"self":[{"href":"https:\/\/gestoriamagi.com\/es\/wp-json\/wp\/v2\/pages\/34","targetHints":{"allow":["GET"]}}],"collection":[{"href":"https:\/\/gestoriamagi.com\/es\/wp-json\/wp\/v2\/pages"}],"about":[{"href":"https:\/\/gestoriamagi.com\/es\/wp-json\/wp\/v2\/types\/page"}],"author":[{"embeddable":true,"href":"https:\/\/gestoriamagi.com\/es\/wp-json\/wp\/v2\/users\/1"}],"replies":[{"embeddable":true,"href":"https:\/\/gestoriamagi.com\/es\/wp-json\/wp\/v2\/comments?post=34"}],"version-history":[{"count":17,"href":"https:\/\/gestoriamagi.com\/es\/wp-json\/wp\/v2\/pages\/34\/revisions"}],"predecessor-version":[{"id":65905,"href":"https:\/\/gestoriamagi.com\/es\/wp-json\/wp\/v2\/pages\/34\/revisions\/65905"}],"wp:attachment":[{"href":"https:\/\/gestoriamagi.com\/es\/wp-json\/wp\/v2\/media?parent=34"}],"curies":[{"name":"wp","href":"https:\/\/api.w.org\/{rel}","templated":true}]}}