{"id":115,"date":"2023-08-13T11:59:45","date_gmt":"2023-08-13T09:59:45","guid":{"rendered":"https:\/\/gestoriamagi.com\/becanvis\/"},"modified":"2024-03-08T18:06:34","modified_gmt":"2024-03-08T17:06:34","slug":"canjes-cambiar-permiso-de-conducir","status":"publish","type":"page","link":"https:\/\/gestoriamagi.com\/es\/canjes-cambiar-permiso-de-conducir\/","title":{"rendered":"Canjes"},"content":{"rendered":"\t\t<div data-elementor-type=\"wp-page\" data-elementor-id=\"115\" class=\"elementor elementor-115 elementor-113\" data-elementor-post-type=\"page\">\n\t\t\t\t<div class=\"elementor-element elementor-element-ea7a848 e-flex e-con-boxed e-con e-parent\" data-id=\"ea7a848\" data-element_type=\"container\" data-core-v316-plus=\"true\">\n\t\t\t\t\t<div class=\"e-con-inner\">\n\t\t<div class=\"elementor-element elementor-element-8a204b1 e-flex e-con-boxed e-con e-child\" data-id=\"8a204b1\" data-element_type=\"container\">\n\t\t\t\t\t<div class=\"e-con-inner\">\n\t\t\t\t<div class=\"elementor-element elementor-element-5eb1587 elementor-widget elementor-widget-heading\" data-id=\"5eb1587\" data-element_type=\"widget\" data-widget_type=\"heading.default\">\n\t\t\t\t<div class=\"elementor-widget-container\">\n\t\t\t<style>\/*! elementor - v3.20.0 - 13-03-2024 *\/\n.elementor-heading-title{padding:0;margin:0;line-height:1}.elementor-widget-heading .elementor-heading-title[class*=elementor-size-]>a{color:inherit;font-size:inherit;line-height:inherit}.elementor-widget-heading .elementor-heading-title.elementor-size-small{font-size:15px}.elementor-widget-heading .elementor-heading-title.elementor-size-medium{font-size:19px}.elementor-widget-heading .elementor-heading-title.elementor-size-large{font-size:29px}.elementor-widget-heading .elementor-heading-title.elementor-size-xl{font-size:39px}.elementor-widget-heading .elementor-heading-title.elementor-size-xxl{font-size:59px}<\/style><h1 class=\"elementor-heading-title elementor-size-default\"><b>Tr\u00e1mites para conductores<\/b> | Canjes - Cambiar permiso de conducir<\/h1>\t\t<\/div>\n\t\t\t\t<\/div>\n\t\t\t\t\t<\/div>\n\t\t\t\t<\/div>\n\t\t\t\t\t<\/div>\n\t\t\t\t<\/div>\n\t\t<div class=\"elementor-element elementor-element-a6240ce e-flex e-con-boxed e-con e-parent\" data-id=\"a6240ce\" data-element_type=\"container\" data-core-v316-plus=\"true\">\n\t\t\t\t\t<div class=\"e-con-inner\">\n\t\t\t\t<div class=\"elementor-element elementor-element-93fe002 elementor-widget elementor-widget-text-editor\" data-id=\"93fe002\" data-element_type=\"widget\" data-widget_type=\"text-editor.default\">\n\t\t\t\t<div class=\"elementor-widget-container\">\n\t\t\t<style>\/*! elementor - v3.20.0 - 13-03-2024 *\/\n.elementor-widget-text-editor.elementor-drop-cap-view-stacked .elementor-drop-cap{background-color:#69727d;color:#fff}.elementor-widget-text-editor.elementor-drop-cap-view-framed .elementor-drop-cap{color:#69727d;border:3px solid;background-color:transparent}.elementor-widget-text-editor:not(.elementor-drop-cap-view-default) .elementor-drop-cap{margin-top:8px}.elementor-widget-text-editor:not(.elementor-drop-cap-view-default) .elementor-drop-cap-letter{width:1em;height:1em}.elementor-widget-text-editor .elementor-drop-cap{float:left;text-align:center;line-height:1;font-size:50px}.elementor-widget-text-editor .elementor-drop-cap-letter{display:inline-block}<\/style>\t\t\t\t<p><strong>Canjes &#8211; Cambiar permiso de conducir<\/strong><\/p><p>Si eres residente en Espa\u00f1a y deseas cambiar tu permiso de conducir de tu pa\u00eds por el equivalente permiso espa\u00f1ol, a trav\u00e9s de Gestora Mag\u00ed te lo gestionamos de manera sencilla.<\/p><p>Para m\u00e1s informaci\u00f3n, rellena el siguiente formulario y nos pondremos en contacto contigo.<\/p><p><strong>Documentaci\u00f3n necesaria<\/strong><\/p><ul><li>Permiso de conducci\u00f3n en vigor que se pretende cambiar.<\/li><li>Documento de identidad en vigor con domicilio actualizado (DNI, NIE o pasaporte). Si no estuviera registrado el domicilio actual en el DNI o en la Tarjeta de Residencia, deber\u00e1 presentar un certificado de empadronamiento.<\/li><li>2 fotograf\u00edas actuales de 32 x 26 mm, tipo carnet.<\/li><li>Certificado m\u00e9dico psicot\u00e9cnico.<\/li><\/ul><p>Una vez aportada la documentaci\u00f3n correspondiente u obtenida la cita necesaria (es condicional a la clase de intercambio, comunitarios o terceros pa\u00edses con convenio), se realizar\u00e1 la comprobaci\u00f3n correspondiente por parte de la Prefectura de Tr\u00e1fico a las autoridades del pa\u00eds de expedici\u00f3n del permiso de conducci\u00f3n y \u00e9stos dar\u00e1n confirmaci\u00f3n y conformidad de los datos, se producir\u00e1 el intercambio del permiso de conducci\u00f3n.<\/p><p><strong>FAQs<\/strong><\/p><p><strong>\u00bfQu\u00e9 permisos de conducir se pueden intercambiar?<\/strong><\/p><p>Se pueden intercambiar los permisos comunitarios (permisos de pa\u00edses de la Uni\u00f3n Europea, Islandia, Liechtenstein y Noruega, Andorra, Suiza y M\u00f3naco).<\/p><p>Tambi\u00e9n se podr\u00e1n intercambiar los permisos con los que Espa\u00f1a tiene convenio previo (Argelia, Argentina, Bolivia, Chile, Colombia, Corea, Ecuador, Jap\u00f3n, Marruecos, Nicaragua, Per\u00fa, Rep\u00fablica Dominicana, Panam\u00e1, Paraguay, Uruguay, Venezuela, Brasil, El Salvador, Filipinas, Guatemala, Serbia, Turqu\u00eda, T\u00fanez, Ucrania, Macedonia del Norte, Costa Rica, Reino Unido e Irlanda del Norte, Nueva Zelanda).<\/p><p><strong>\u00bfCuando no se podr\u00e1 el intercambio de un permiso de conducci\u00f3n?<\/strong><\/p><p><strong>No se podr\u00e1 tramitar el cambio cuando:<\/strong><\/p><ul><li>Tu pa\u00eds de origen no aparece en la<a href=\"https:\/\/www.dgt.es\/nuestros-servicios\/permisos-de-conducir\/permisos-extranjeros-y-de-fuerzas-y-cuerpos-de-seguridad\/canjes-de-permisos\/paises-con-convenio-de-canjes\/\" target=\"_blank\" rel=\"noopener\">lista de pa\u00edses con convenio<\/a>.<\/li><li>El permiso que deseas cambiar fue obtenido a su vez como cambio de otro pa\u00eds con el que Espa\u00f1a no tenga convenio.<\/li><li>Si conseguiste tu permiso extranjero una vez obtenida la residencia legal en Espa\u00f1a.<\/li><li>No ser\u00e1 posible intercambiar los permisos expedidos en Venezuela en formato PDF por no cumplir la normativa europea. \u00danicamente ser\u00e1n intercambiables los permisos de conducci\u00f3n expedidos en origen en tarjeta de pl\u00e1stico.<\/li><\/ul><p><strong>\u00a0<\/strong><\/p><p><strong>\u00bfSe debe realizar alguna prueba para el intercambio del permiso de conducir?<\/strong><\/p><ul><li>Para permisos que s\u00f3lo incluyen autorizaciones para veh\u00edculos tipo A y B (motos, coches y veh\u00edculos ligeros) no es necesario realizar pruebas, el cambio es directo.<\/li><li>Para el intercambio de permisos que incluyan autorizaci\u00f3n para conducir veh\u00edculos tipo C y D (camiones y autobuses) normalmente deber\u00e1s superar una prueba pr\u00e1ctica y en algunos casos tambi\u00e9n te\u00f3rica, dependiendo del convenio con cada pa\u00eds.<\/li><\/ul><p><strong>\u00a0<\/strong><\/p><p><strong>\u00bfSe puede conducir con mi permiso extranjero en Espa\u00f1a?<\/strong><\/p><p>Tu permiso extranjero s\u00f3lo ser\u00e1 v\u00e1lido para conducir durante el plazo de seis meses, como m\u00e1ximo contados desde que hayas adquirido la residencia normal en Espa\u00f1a. Por ello estar\u00e1s obligado a realizar un intercambio si deseas seguir conduciendo en nuestro pa\u00eds.<\/p><p>En el caso de los ciudadanos provenientes de la Uni\u00f3n Europea y el Espacio Econ\u00f3mico Europeo (Islandia, Liechtenstein y Noruega) su permiso ser\u00e1 v\u00e1lido para conducir en nuestro pa\u00eds mientras est\u00e9 en vigor. La realizaci\u00f3n del cambio es, por tanto, un tr\u00e1mite totalmente voluntario.<\/p><p>&lt;strong\u00bfC\u00f3mo se hace el tr\u00e1mite?<\/p><p>Depender\u00e1 del pa\u00eds de origen del permiso extranjero. Hay algunos casos en los que se deber\u00e1 iniciar mediante la solicitud de cita, seguimiento del estado del tr\u00e1mite y presentaci\u00f3n de la documentaci\u00f3n, otros, en cambio, consistir\u00e1 en el asesoramiento y presentaci\u00f3n de la documentaci\u00f3n requerida.<\/p>\t\t\t\t\t\t<\/div>\n\t\t\t\t<\/div>\n\t\t\t\t\t<\/div>\n\t\t\t\t<\/div>\n\t\t\t\t<\/div>\n\t\t","protected":false},"excerpt":{"rendered":"<p>Tr\u00e1mites para conductores | Canjes &#8211; Cambiar permiso de conducir Canjes &#8211; Cambiar permiso de conducir Si eres residente en Espa\u00f1a y deseas cambiar tu permiso de conducir de tu pa\u00eds por el equivalente permiso espa\u00f1ol, a trav\u00e9s de Gestora Mag\u00ed te lo gestionamos de manera sencilla. Para m\u00e1s informaci\u00f3n, rellena el siguiente formulario y [&hellip;]<\/p>\n","protected":false},"author":1,"featured_media":0,"parent":0,"menu_order":10,"comment_status":"closed","ping_status":"closed","template":"","meta":{"_acf_changed":false,"footnotes":""},"class_list":["post-115","page","type-page","status-publish","hentry"],"acf":[],"_links":{"self":[{"href":"https:\/\/gestoriamagi.com\/es\/wp-json\/wp\/v2\/pages\/115","targetHints":{"allow":["GET"]}}],"collection":[{"href":"https:\/\/gestoriamagi.com\/es\/wp-json\/wp\/v2\/pages"}],"about":[{"href":"https:\/\/gestoriamagi.com\/es\/wp-json\/wp\/v2\/types\/page"}],"author":[{"embeddable":true,"href":"https:\/\/gestoriamagi.com\/es\/wp-json\/wp\/v2\/users\/1"}],"replies":[{"embeddable":true,"href":"https:\/\/gestoriamagi.com\/es\/wp-json\/wp\/v2\/comments?post=115"}],"version-history":[{"count":31,"href":"https:\/\/gestoriamagi.com\/es\/wp-json\/wp\/v2\/pages\/115\/revisions"}],"predecessor-version":[{"id":65909,"href":"https:\/\/gestoriamagi.com\/es\/wp-json\/wp\/v2\/pages\/115\/revisions\/65909"}],"wp:attachment":[{"href":"https:\/\/gestoriamagi.com\/es\/wp-json\/wp\/v2\/media?parent=115"}],"curies":[{"name":"wp","href":"https:\/\/api.w.org\/{rel}","templated":true}]}}