{"id":112,"date":"2023-08-13T11:59:29","date_gmt":"2023-08-13T09:59:29","guid":{"rendered":"https:\/\/gestoriamagi.com\/permis-internacional\/"},"modified":"2024-03-08T17:48:44","modified_gmt":"2024-03-08T16:48:44","slug":"permiso-conducir-internacional","status":"publish","type":"page","link":"https:\/\/gestoriamagi.com\/es\/permiso-conducir-internacional\/","title":{"rendered":"Permiso internacional"},"content":{"rendered":"\t\t<div data-elementor-type=\"wp-page\" data-elementor-id=\"112\" class=\"elementor elementor-112 elementor-110\" data-elementor-post-type=\"page\">\n\t\t\t\t<div class=\"elementor-element elementor-element-5097a8e e-flex e-con-boxed e-con e-parent\" data-id=\"5097a8e\" data-element_type=\"container\" data-core-v316-plus=\"true\">\n\t\t\t\t\t<div class=\"e-con-inner\">\n\t\t<div class=\"elementor-element elementor-element-a0e22a1 e-flex e-con-boxed e-con e-child\" data-id=\"a0e22a1\" data-element_type=\"container\">\n\t\t\t\t\t<div class=\"e-con-inner\">\n\t\t\t\t<div class=\"elementor-element elementor-element-41baff6 elementor-widget elementor-widget-heading\" data-id=\"41baff6\" data-element_type=\"widget\" data-widget_type=\"heading.default\">\n\t\t\t\t<div class=\"elementor-widget-container\">\n\t\t\t<style>\/*! elementor - v3.20.0 - 13-03-2024 *\/\n.elementor-heading-title{padding:0;margin:0;line-height:1}.elementor-widget-heading .elementor-heading-title[class*=elementor-size-]>a{color:inherit;font-size:inherit;line-height:inherit}.elementor-widget-heading .elementor-heading-title.elementor-size-small{font-size:15px}.elementor-widget-heading .elementor-heading-title.elementor-size-medium{font-size:19px}.elementor-widget-heading .elementor-heading-title.elementor-size-large{font-size:29px}.elementor-widget-heading .elementor-heading-title.elementor-size-xl{font-size:39px}.elementor-widget-heading .elementor-heading-title.elementor-size-xxl{font-size:59px}<\/style><h1 class=\"elementor-heading-title elementor-size-default\"><b>Tr\u00e1mites para conductores<\/b> | Permiso conducir internacional<\/h1>\t\t<\/div>\n\t\t\t\t<\/div>\n\t\t\t\t\t<\/div>\n\t\t\t\t<\/div>\n\t\t\t\t\t<\/div>\n\t\t\t\t<\/div>\n\t\t<div class=\"elementor-element elementor-element-fdd6de3 e-flex e-con-boxed e-con e-parent\" data-id=\"fdd6de3\" data-element_type=\"container\" data-core-v316-plus=\"true\">\n\t\t\t\t\t<div class=\"e-con-inner\">\n\t\t\t\t<div class=\"elementor-element elementor-element-8fd188d elementor-widget elementor-widget-text-editor\" data-id=\"8fd188d\" data-element_type=\"widget\" data-widget_type=\"text-editor.default\">\n\t\t\t\t<div class=\"elementor-widget-container\">\n\t\t\t<style>\/*! elementor - v3.20.0 - 13-03-2024 *\/\n.elementor-widget-text-editor.elementor-drop-cap-view-stacked .elementor-drop-cap{background-color:#69727d;color:#fff}.elementor-widget-text-editor.elementor-drop-cap-view-framed .elementor-drop-cap{color:#69727d;border:3px solid;background-color:transparent}.elementor-widget-text-editor:not(.elementor-drop-cap-view-default) .elementor-drop-cap{margin-top:8px}.elementor-widget-text-editor:not(.elementor-drop-cap-view-default) .elementor-drop-cap-letter{width:1em;height:1em}.elementor-widget-text-editor .elementor-drop-cap{float:left;text-align:center;line-height:1;font-size:50px}.elementor-widget-text-editor .elementor-drop-cap-letter{display:inline-block}<\/style>\t\t\t\t<p><strong>Permiso conducir internacional<\/strong><\/p>\n<p><span style=\"color: var( --e-global-color-text ); font-family: var( --e-global-typography-text-font-family ), Sans-serif; font-weight: var( --e-global-typography-text-font-weight ); text-align: var(--text-align); font-size: 1rem;\">Si vas a conducir fuera de la Uni\u00f3n Europea o Espacio Econ\u00f3mico Europeo, tendr\u00e1s que obtener un permiso internacional, a trav\u00e9s de Mag\u00ed Gestoria te lo tramitamos de manera r\u00e1pida y sencilla.<\/span><\/p>\n<p><strong>Documentaci\u00f3n necesaria <\/strong><\/p>\n<ul>\n<li style=\"list-style-type: none;\">\n<ul>\n<li>DNI, en vigor, el cual deber\u00e1 ser presentado al gestor.<\/li>\n<li>Permiso de conducci\u00f3n nacional en vigor, el cual deber\u00e1 ser presentado al gestor.<\/li>\n<li>Fotograf\u00eda original actual de 32 x 26 mm, en color y con fondo liso, tomada de frente con la cabeza descubierta y sin gafas de cristales oscuros ni cualquier otra pieza que pueda impedir o dificultar la identificaci\u00f3n.<\/li>\n<\/ul>\n<\/li>\n<\/ul>\n<p><strong style=\"color: var( --e-global-color-text ); font-family: var( --e-global-typography-text-font-family ), Sans-serif; text-align: var(--text-align); font-size: 1rem;\">FAQs<\/strong><\/p>\n<p><strong style=\"color: var( --e-global-color-text ); font-family: var( --e-global-typography-text-font-family ), Sans-serif; text-align: var(--text-align); font-size: 1rem;\">\u00bfCu\u00e1nto tiempo es v\u00e1lido el permiso internacional?<\/strong><\/p>\n<p><span style=\"color: var( --e-global-color-text ); font-family: var( --e-global-typography-text-font-family ), Sans-serif; font-weight: var( --e-global-typography-text-font-weight ); text-align: var(--text-align); font-size: 1rem;\">La validez es de un a\u00f1o, no prorrogable. Si te quedas a vivir en otro pa\u00eds, tendr\u00e1s que hacer el canje o inscripci\u00f3n de tu permiso seg\u00fan las reglas de tu nuevo pa\u00eds.<\/span><\/p>\n<p><strong style=\"color: var( --e-global-color-text ); font-family: var( --e-global-typography-text-font-family ), Sans-serif; text-align: var(--text-align); font-size: 1rem;\">Tengo caducado mi permiso espa\u00f1ol, \u00bfpuedo circular con el permiso internacional?<\/strong><\/p>\n<p><span style=\"color: var( --e-global-color-text ); font-family: var( --e-global-typography-text-font-family ), Sans-serif; font-weight: var( --e-global-typography-text-font-weight ); text-align: var(--text-align); font-size: 1rem;\">No, para poder circular con un permiso internacional ambos permisos, tanto el internacional como el espa\u00f1ol, deben estar en vigor.<\/span><\/p>\n<p><strong style=\"color: var( --e-global-color-text ); font-family: var( --e-global-typography-text-font-family ), Sans-serif; text-align: var(--text-align); font-size: 1rem;\">\u00bfCon qu\u00e9 documentos debo acompa\u00f1ar mi permiso internacional?<\/strong><\/p>\n<p><span style=\"color: var( --e-global-color-text ); font-family: var( --e-global-typography-text-font-family ), Sans-serif; font-weight: var( --e-global-typography-text-font-weight ); text-align: var(--text-align); font-size: 1rem;\">Si vas a conducir fuera de Espa\u00f1a con un permiso internacional, es aconsejable que lo acompa\u00f1es de tu permiso de conducci\u00f3n espa\u00f1ol en vigor y el pasaporte espa\u00f1ol.<\/span><\/p>\n<p><strong style=\"color: var( --e-global-color-text ); font-family: var( --e-global-typography-text-font-family ), Sans-serif; text-align: var(--text-align); font-size: 1rem;\">Si tengo un permiso comunitario, de otro pa\u00eds de la Uni\u00f3n Europea, \u00bfpuedo solicitar en Espa\u00f1a mi permiso internacional?<\/strong><\/p>\n<p><span style=\"color: var( --e-global-color-text ); font-family: var( --e-global-typography-text-font-family ), Sans-serif; font-weight: var( --e-global-typography-text-font-weight ); text-align: var(--text-align); font-size: 1rem;\">S\u00ed, pero previamente deber\u00e1s <\/span><a style=\"font-family: var( --e-global-typography-text-font-family ), Sans-serif; font-weight: var( --e-global-typography-text-font-weight ); text-align: var(--text-align); background-color: #ffffff; font-size: 1rem;\" href=\"https:\/\/sede.dgt.gob.es\/es\/permisos-de-conducir\/canje-permisos\/canje-permisos-extranjeros\/canjes-inscripcion-renovacion-sustitucion-permisos\/canje-permisos-union-europea\/inscripcion-permisos-union-europea\/index.shtml\" target=\"_blank\" rel=\"noopener\">inscribir tu permiso de conducci\u00f3n de la UE, Islandia, Liechtenstein y Noruega en tr\u00e1fico<\/a><span style=\"color: var( --e-global-color-text ); font-family: var( --e-global-typography-text-font-family ), Sans-serif; font-weight: var( --e-global-typography-text-font-weight ); text-align: var(--text-align); font-size: 1rem;\">.<\/span><\/p>\n<p><strong style=\"color: var( --e-global-color-text ); font-family: var( --e-global-typography-text-font-family ), Sans-serif; text-align: var(--text-align); font-size: 1rem;\">\u00bfEn qu\u00e9 pa\u00edses puedo conducir con el permiso internacional?<\/strong><\/p>\n<p><span style=\"color: var( --e-global-color-text ); font-family: var( --e-global-typography-text-font-family ), Sans-serif; font-weight: var( --e-global-typography-text-font-weight ); text-align: var(--text-align); font-size: 1rem;\">Es aceptado en pr\u00e1cticamente todos los pa\u00edses del mundo, para m\u00e1s informaci\u00f3n, puedes <\/span><a style=\"font-family: var( --e-global-typography-text-font-family ), Sans-serif; font-weight: var( --e-global-typography-text-font-weight ); text-align: var(--text-align); background-color: #ffffff; font-size: 1rem;\" href=\"https:\/\/treaties.un.org\/Pages\/ViewDetailsV.aspx?src=TREATY&amp;mtdsg_no=XI-B-1&amp;chapter=11&amp;Temp=mtdsg5&amp;clang=_en\" target=\"_blank\" rel=\"noopener\">consultar el convenio internacional de Ginebra referente a transportes y comunicaciones o preguntar al consulado u oficina de turismo del pa\u00eds que vayas a visitar.<\/a><\/p>\t\t\t\t\t\t<\/div>\n\t\t\t\t<\/div>\n\t\t\t\t\t<\/div>\n\t\t\t\t<\/div>\n\t\t\t\t<\/div>\n\t\t","protected":false},"excerpt":{"rendered":"<p>Tr\u00e1mites para conductores | Permiso conducir internacional Permiso conducir internacional Si vas a conducir fuera de la Uni\u00f3n Europea o Espacio Econ\u00f3mico Europeo, tendr\u00e1s que obtener un permiso internacional, a trav\u00e9s de Mag\u00ed Gestoria te lo tramitamos de manera r\u00e1pida y sencilla. Documentaci\u00f3n necesaria DNI, en vigor, el cual deber\u00e1 ser presentado al gestor. Permiso [&hellip;]<\/p>\n","protected":false},"author":1,"featured_media":0,"parent":0,"menu_order":9,"comment_status":"closed","ping_status":"closed","template":"","meta":{"_acf_changed":false,"footnotes":""},"class_list":["post-112","page","type-page","status-publish","hentry"],"acf":[],"_links":{"self":[{"href":"https:\/\/gestoriamagi.com\/es\/wp-json\/wp\/v2\/pages\/112","targetHints":{"allow":["GET"]}}],"collection":[{"href":"https:\/\/gestoriamagi.com\/es\/wp-json\/wp\/v2\/pages"}],"about":[{"href":"https:\/\/gestoriamagi.com\/es\/wp-json\/wp\/v2\/types\/page"}],"author":[{"embeddable":true,"href":"https:\/\/gestoriamagi.com\/es\/wp-json\/wp\/v2\/users\/1"}],"replies":[{"embeddable":true,"href":"https:\/\/gestoriamagi.com\/es\/wp-json\/wp\/v2\/comments?post=112"}],"version-history":[{"count":27,"href":"https:\/\/gestoriamagi.com\/es\/wp-json\/wp\/v2\/pages\/112\/revisions"}],"predecessor-version":[{"id":65887,"href":"https:\/\/gestoriamagi.com\/es\/wp-json\/wp\/v2\/pages\/112\/revisions\/65887"}],"wp:attachment":[{"href":"https:\/\/gestoriamagi.com\/es\/wp-json\/wp\/v2\/media?parent=112"}],"curies":[{"name":"wp","href":"https:\/\/api.w.org\/{rel}","templated":true}]}}