{"id":103,"date":"2023-08-13T11:56:31","date_gmt":"2023-08-13T09:56:31","guid":{"rendered":"https:\/\/gestoriamagi.com\/notificacio-de-venda\/"},"modified":"2024-02-23T18:41:55","modified_gmt":"2024-02-23T17:41:55","slug":"notificacion-de-venta-dgt-coche-moto","status":"publish","type":"page","link":"https:\/\/gestoriamagi.com\/es\/notificacion-de-venta-dgt-coche-moto\/","title":{"rendered":"Notificaci\u00f3n de venta"},"content":{"rendered":"\t\t<div data-elementor-type=\"wp-page\" data-elementor-id=\"103\" class=\"elementor elementor-103 elementor-86\" data-elementor-post-type=\"page\">\n\t\t\t\t<div class=\"elementor-element elementor-element-3921021 e-flex e-con-boxed e-con e-parent\" data-id=\"3921021\" data-element_type=\"container\" data-core-v316-plus=\"true\">\n\t\t\t\t\t<div class=\"e-con-inner\">\n\t\t<div class=\"elementor-element elementor-element-d9804b5 e-flex e-con-boxed e-con e-child\" data-id=\"d9804b5\" data-element_type=\"container\">\n\t\t\t\t\t<div class=\"e-con-inner\">\n\t\t\t\t<div class=\"elementor-element elementor-element-9b2548f elementor-widget elementor-widget-heading\" data-id=\"9b2548f\" data-element_type=\"widget\" data-widget_type=\"heading.default\">\n\t\t\t\t<div class=\"elementor-widget-container\">\n\t\t\t<style>\/*! elementor - v3.20.0 - 13-03-2024 *\/\n.elementor-heading-title{padding:0;margin:0;line-height:1}.elementor-widget-heading .elementor-heading-title[class*=elementor-size-]>a{color:inherit;font-size:inherit;line-height:inherit}.elementor-widget-heading .elementor-heading-title.elementor-size-small{font-size:15px}.elementor-widget-heading .elementor-heading-title.elementor-size-medium{font-size:19px}.elementor-widget-heading .elementor-heading-title.elementor-size-large{font-size:29px}.elementor-widget-heading .elementor-heading-title.elementor-size-xl{font-size:39px}.elementor-widget-heading .elementor-heading-title.elementor-size-xxl{font-size:59px}<\/style><h1 class=\"elementor-heading-title elementor-size-default\"><b>Tr\u00e1mites para veh\u00edculos<\/b> | Notificaci\u00f3n de venta DGT<\/h1>\t\t<\/div>\n\t\t\t\t<\/div>\n\t\t\t\t\t<\/div>\n\t\t\t\t<\/div>\n\t\t\t\t\t<\/div>\n\t\t\t\t<\/div>\n\t\t<div class=\"elementor-element elementor-element-4ed3e96 e-flex e-con-boxed e-con e-parent\" data-id=\"4ed3e96\" data-element_type=\"container\" data-core-v316-plus=\"true\">\n\t\t\t\t\t<div class=\"e-con-inner\">\n\t\t<div class=\"elementor-element elementor-element-e1ca070 e-con-full e-flex e-con e-child\" data-id=\"e1ca070\" data-element_type=\"container\">\n\t\t\t\t<div class=\"elementor-element elementor-element-4495e4c elementor-widget elementor-widget-text-editor\" data-id=\"4495e4c\" data-element_type=\"widget\" data-widget_type=\"text-editor.default\">\n\t\t\t\t<div class=\"elementor-widget-container\">\n\t\t\t<style>\/*! elementor - v3.20.0 - 13-03-2024 *\/\n.elementor-widget-text-editor.elementor-drop-cap-view-stacked .elementor-drop-cap{background-color:#69727d;color:#fff}.elementor-widget-text-editor.elementor-drop-cap-view-framed .elementor-drop-cap{color:#69727d;border:3px solid;background-color:transparent}.elementor-widget-text-editor:not(.elementor-drop-cap-view-default) .elementor-drop-cap{margin-top:8px}.elementor-widget-text-editor:not(.elementor-drop-cap-view-default) .elementor-drop-cap-letter{width:1em;height:1em}.elementor-widget-text-editor .elementor-drop-cap{float:left;text-align:center;line-height:1;font-size:50px}.elementor-widget-text-editor .elementor-drop-cap-letter{display:inline-block}<\/style>\t\t\t\t<p><strong>Notificaci\u00f3n de venta<\/strong><\/p>\n<p>\u00a1El tr\u00e1mite de notificaci\u00f3n de venta con nosotros es r\u00e1pido y sencillo! Consiste en una solicitud que se presenta en la DGT para comunicar el cambio de titularidad por parte del vendedor del veh\u00edculo.<\/p>\n<p>El principal objetivo ser\u00eda evitar al vendedor futuros problemas como, por ejemplo, el posible pago de multas, impuestos o cualquier problema relacionado con el veh\u00edculo.<\/p>\n<p><strong>Documentaci\u00f3n necesaria:<\/strong><\/p>\n<ul>\n<li>Contrato de compraventa o factura de venta<\/li>\n<li>Documento identificativo de comprador y vendedor (NIF, NIE o CIF)<\/li>\n<li>Ficha t\u00e9cnica<\/li>\n<li>Permiso de circulaci\u00f3n<\/li>\n<\/ul>\n<p><strong><br><\/strong><\/p><p><strong>FAQs<\/strong><\/p>\n<p><strong>\u00bfCu\u00e1nto tiempo se dispone para notificar la venta de un veh\u00edculo?<\/strong><\/p>\n<p>Seg\u00fan la normativa, el plazo m\u00e1ximo del cual dispone el vendedor para notificar la venta es de 30 d\u00edas desde la firma del contrato de compraventa. A trav\u00e9s de la realizaci\u00f3n de la notificaci\u00f3n de venta, se tendr\u00e1 la tranquilidad de que cualquier incidencia que se produzca con el veh\u00edculo no ser\u00e1 responsabilidad del vendedor.<\/p>\n<p><strong>\u00bfPor qu\u00e9 es recomendable notificar la venta de un veh\u00edculo en la DGT?<\/strong><\/p>\n<p>Se trata de un tr\u00e1mite que brinda seguridad y protecci\u00f3n al comprador, ya que se evitan problemas como el pago de multas, impuestos de circulaci\u00f3n o cualquier incidencia relacionada con el veh\u00edculo.<\/p>\n<p><strong>\u00bfQu\u00e9 sucede si el comprador no realiza el cambio de nombre del veh\u00edculo?<\/strong><\/p>\n<p>El comprador debe hacer el cambio de nombre del veh\u00edculo en un plazo m\u00e1ximo de treinta d\u00edas, por tanto, si el comprador no lo hace o tarda m\u00e1s de este plazo, el vendedor seguir\u00eda apareciendo en el registro de la DGT como el titular del veh\u00edculo y, en consecuencia, se podr\u00edan tener problemas en t\u00e9rminos de multas, pago de impuestos, etc. Mediante la notificaci\u00f3n de la venta, evitar\u00e1n este tipo de inconvenientes.<\/p>\t\t\t\t\t\t<\/div>\n\t\t\t\t<\/div>\n\t\t\t\t<\/div>\n\t\t\t\t\t<\/div>\n\t\t\t\t<\/div>\n\t\t\t\t<\/div>\n\t\t","protected":false},"excerpt":{"rendered":"<p>Tr\u00e1mites para veh\u00edculos | Notificaci\u00f3n de venta DGT Notificaci\u00f3n de venta \u00a1El tr\u00e1mite de notificaci\u00f3n de venta con nosotros es r\u00e1pido y sencillo! Consiste en una solicitud que se presenta en la DGT para comunicar el cambio de titularidad por parte del vendedor del veh\u00edculo. El principal objetivo ser\u00eda evitar al vendedor futuros problemas como, [&hellip;]<\/p>\n","protected":false},"author":1,"featured_media":0,"parent":0,"menu_order":3,"comment_status":"closed","ping_status":"closed","template":"","meta":{"_acf_changed":false,"footnotes":""},"class_list":["post-103","page","type-page","status-publish","hentry"],"acf":[],"_links":{"self":[{"href":"https:\/\/gestoriamagi.com\/es\/wp-json\/wp\/v2\/pages\/103","targetHints":{"allow":["GET"]}}],"collection":[{"href":"https:\/\/gestoriamagi.com\/es\/wp-json\/wp\/v2\/pages"}],"about":[{"href":"https:\/\/gestoriamagi.com\/es\/wp-json\/wp\/v2\/types\/page"}],"author":[{"embeddable":true,"href":"https:\/\/gestoriamagi.com\/es\/wp-json\/wp\/v2\/users\/1"}],"replies":[{"embeddable":true,"href":"https:\/\/gestoriamagi.com\/es\/wp-json\/wp\/v2\/comments?post=103"}],"version-history":[{"count":25,"href":"https:\/\/gestoriamagi.com\/es\/wp-json\/wp\/v2\/pages\/103\/revisions"}],"predecessor-version":[{"id":65769,"href":"https:\/\/gestoriamagi.com\/es\/wp-json\/wp\/v2\/pages\/103\/revisions\/65769"}],"wp:attachment":[{"href":"https:\/\/gestoriamagi.com\/es\/wp-json\/wp\/v2\/media?parent=103"}],"curies":[{"name":"wp","href":"https:\/\/api.w.org\/{rel}","templated":true}]}}