{"id":101,"date":"2023-08-13T11:58:16","date_gmt":"2023-08-13T09:58:16","guid":{"rendered":"https:\/\/gestoriamagi.com\/?page_id=101"},"modified":"2024-03-08T17:38:14","modified_gmt":"2024-03-08T16:38:14","slug":"duplicado-permiso-conducir-dgt","status":"publish","type":"page","link":"https:\/\/gestoriamagi.com\/es\/duplicado-permiso-conducir-dgt\/","title":{"rendered":"Duplicado permiso de circulaci\u00f3n"},"content":{"rendered":"\t\t<div data-elementor-type=\"wp-page\" data-elementor-id=\"101\" class=\"elementor elementor-101 elementor-96\" data-elementor-post-type=\"page\">\n\t\t\t\t<div class=\"elementor-element elementor-element-6421981 e-flex e-con-boxed e-con e-parent\" data-id=\"6421981\" data-element_type=\"container\" data-core-v316-plus=\"true\">\n\t\t\t\t\t<div class=\"e-con-inner\">\n\t\t<div class=\"elementor-element elementor-element-1bc3798 e-flex e-con-boxed e-con e-child\" data-id=\"1bc3798\" data-element_type=\"container\">\n\t\t\t\t\t<div class=\"e-con-inner\">\n\t\t\t\t<div class=\"elementor-element elementor-element-3cc9b48 elementor-widget elementor-widget-heading\" data-id=\"3cc9b48\" data-element_type=\"widget\" data-widget_type=\"heading.default\">\n\t\t\t\t<div class=\"elementor-widget-container\">\n\t\t\t<style>\/*! elementor - v3.20.0 - 13-03-2024 *\/\n.elementor-heading-title{padding:0;margin:0;line-height:1}.elementor-widget-heading .elementor-heading-title[class*=elementor-size-]>a{color:inherit;font-size:inherit;line-height:inherit}.elementor-widget-heading .elementor-heading-title.elementor-size-small{font-size:15px}.elementor-widget-heading .elementor-heading-title.elementor-size-medium{font-size:19px}.elementor-widget-heading .elementor-heading-title.elementor-size-large{font-size:29px}.elementor-widget-heading .elementor-heading-title.elementor-size-xl{font-size:39px}.elementor-widget-heading .elementor-heading-title.elementor-size-xxl{font-size:59px}<\/style><h1 class=\"elementor-heading-title elementor-size-default\"><b>Tr\u00e1mites para veh\u00edculos<\/b> | Duplicado permiso conducir<\/h1>\t\t<\/div>\n\t\t\t\t<\/div>\n\t\t\t\t\t<\/div>\n\t\t\t\t<\/div>\n\t\t\t\t\t<\/div>\n\t\t\t\t<\/div>\n\t\t<div class=\"elementor-element elementor-element-6a047e9 e-flex e-con-boxed e-con e-parent\" data-id=\"6a047e9\" data-element_type=\"container\" data-core-v316-plus=\"true\">\n\t\t\t\t\t<div class=\"e-con-inner\">\n\t\t\t\t<div class=\"elementor-element elementor-element-1dccb52 elementor-widget elementor-widget-text-editor\" data-id=\"1dccb52\" data-element_type=\"widget\" data-widget_type=\"text-editor.default\">\n\t\t\t\t<div class=\"elementor-widget-container\">\n\t\t\t<style>\/*! elementor - v3.20.0 - 13-03-2024 *\/\n.elementor-widget-text-editor.elementor-drop-cap-view-stacked .elementor-drop-cap{background-color:#69727d;color:#fff}.elementor-widget-text-editor.elementor-drop-cap-view-framed .elementor-drop-cap{color:#69727d;border:3px solid;background-color:transparent}.elementor-widget-text-editor:not(.elementor-drop-cap-view-default) .elementor-drop-cap{margin-top:8px}.elementor-widget-text-editor:not(.elementor-drop-cap-view-default) .elementor-drop-cap-letter{width:1em;height:1em}.elementor-widget-text-editor .elementor-drop-cap{float:left;text-align:center;line-height:1;font-size:50px}.elementor-widget-text-editor .elementor-drop-cap-letter{display:inline-block}<\/style>\t\t\t\t<p><strong>Duplicado permiso de circulaci\u00f3n<\/strong><\/p><p>A trav\u00e9s del Permiso de Circulaci\u00f3n se identifica la titularidad de cualquier tipo de veh\u00edculo, adem\u00e1s, forma parte de la documentaci\u00f3n obligatoria que tendr\u00e1s que llevar para circular, junto con la ficha ITV y el \u00faltimo recibo del seguro.<\/p><p>Si has sufrido una p\u00e9rdida, robo, deterioro de \u00e9ste, podemos tramitar el duplicado del permiso de circulaci\u00f3n de manera r\u00e1pida y sencilla!<\/p><p><strong>Documentaci\u00f3n necesaria <\/strong><\/p><ul><li>Documento identificativo del propietario del veh\u00edculo<\/li><\/ul>\t\t\t\t\t\t<\/div>\n\t\t\t\t<\/div>\n\t\t\t\t\t<\/div>\n\t\t\t\t<\/div>\n\t\t\t\t<\/div>\n\t\t","protected":false},"excerpt":{"rendered":"<p>Tr\u00e1mites para veh\u00edculos | Duplicado permiso conducir Duplicado permiso de circulaci\u00f3n A trav\u00e9s del Permiso de Circulaci\u00f3n se identifica la titularidad de cualquier tipo de veh\u00edculo, adem\u00e1s, forma parte de la documentaci\u00f3n obligatoria que tendr\u00e1s que llevar para circular, junto con la ficha ITV y el \u00faltimo recibo del seguro. Si has sufrido una p\u00e9rdida, [&hellip;]<\/p>\n","protected":false},"author":1,"featured_media":0,"parent":0,"menu_order":8,"comment_status":"closed","ping_status":"closed","template":"","meta":{"_acf_changed":false,"footnotes":""},"class_list":["post-101","page","type-page","status-publish","hentry"],"acf":[],"_links":{"self":[{"href":"https:\/\/gestoriamagi.com\/es\/wp-json\/wp\/v2\/pages\/101","targetHints":{"allow":["GET"]}}],"collection":[{"href":"https:\/\/gestoriamagi.com\/es\/wp-json\/wp\/v2\/pages"}],"about":[{"href":"https:\/\/gestoriamagi.com\/es\/wp-json\/wp\/v2\/types\/page"}],"author":[{"embeddable":true,"href":"https:\/\/gestoriamagi.com\/es\/wp-json\/wp\/v2\/users\/1"}],"replies":[{"embeddable":true,"href":"https:\/\/gestoriamagi.com\/es\/wp-json\/wp\/v2\/comments?post=101"}],"version-history":[{"count":12,"href":"https:\/\/gestoriamagi.com\/es\/wp-json\/wp\/v2\/pages\/101\/revisions"}],"predecessor-version":[{"id":65870,"href":"https:\/\/gestoriamagi.com\/es\/wp-json\/wp\/v2\/pages\/101\/revisions\/65870"}],"wp:attachment":[{"href":"https:\/\/gestoriamagi.com\/es\/wp-json\/wp\/v2\/media?parent=101"}],"curies":[{"name":"wp","href":"https:\/\/api.w.org\/{rel}","templated":true}]}}