{"id":100,"date":"2023-08-13T11:56:38","date_gmt":"2023-08-13T09:56:38","guid":{"rendered":"https:\/\/gestoriamagi.com\/informes\/"},"modified":"2024-03-08T17:15:08","modified_gmt":"2024-03-08T16:15:08","slug":"informes-dgt","status":"publish","type":"page","link":"https:\/\/gestoriamagi.com\/es\/informes-dgt\/","title":{"rendered":"Informes"},"content":{"rendered":"\t\t<div data-elementor-type=\"wp-page\" data-elementor-id=\"100\" class=\"elementor elementor-100 elementor-88\" data-elementor-post-type=\"page\">\n\t\t\t\t<div class=\"elementor-element elementor-element-820ab90 e-flex e-con-boxed e-con e-parent\" data-id=\"820ab90\" data-element_type=\"container\" data-core-v316-plus=\"true\">\n\t\t\t\t\t<div class=\"e-con-inner\">\n\t\t<div class=\"elementor-element elementor-element-c708015 e-flex e-con-boxed e-con e-child\" data-id=\"c708015\" data-element_type=\"container\">\n\t\t\t\t\t<div class=\"e-con-inner\">\n\t\t\t\t<div class=\"elementor-element elementor-element-a886ddd elementor-widget elementor-widget-heading\" data-id=\"a886ddd\" data-element_type=\"widget\" data-widget_type=\"heading.default\">\n\t\t\t\t<div class=\"elementor-widget-container\">\n\t\t\t<style>\/*! elementor - v3.20.0 - 13-03-2024 *\/\n.elementor-heading-title{padding:0;margin:0;line-height:1}.elementor-widget-heading .elementor-heading-title[class*=elementor-size-]>a{color:inherit;font-size:inherit;line-height:inherit}.elementor-widget-heading .elementor-heading-title.elementor-size-small{font-size:15px}.elementor-widget-heading .elementor-heading-title.elementor-size-medium{font-size:19px}.elementor-widget-heading .elementor-heading-title.elementor-size-large{font-size:29px}.elementor-widget-heading .elementor-heading-title.elementor-size-xl{font-size:39px}.elementor-widget-heading .elementor-heading-title.elementor-size-xxl{font-size:59px}<\/style><h1 class=\"elementor-heading-title elementor-size-default\"><b>Tr\u00e1mites para veh\u00edculos<\/b> | Informes DGT<\/h1>\t\t<\/div>\n\t\t\t\t<\/div>\n\t\t\t\t\t<\/div>\n\t\t\t\t<\/div>\n\t\t\t\t\t<\/div>\n\t\t\t\t<\/div>\n\t\t<div class=\"elementor-element elementor-element-4a36c64 e-flex e-con-boxed e-con e-parent\" data-id=\"4a36c64\" data-element_type=\"container\" data-core-v316-plus=\"true\">\n\t\t\t\t\t<div class=\"e-con-inner\">\n\t\t\t\t<div class=\"elementor-element elementor-element-f5dfb5d elementor-widget elementor-widget-text-editor\" data-id=\"f5dfb5d\" data-element_type=\"widget\" data-widget_type=\"text-editor.default\">\n\t\t\t\t<div class=\"elementor-widget-container\">\n\t\t\t<style>\/*! elementor - v3.20.0 - 13-03-2024 *\/\n.elementor-widget-text-editor.elementor-drop-cap-view-stacked .elementor-drop-cap{background-color:#69727d;color:#fff}.elementor-widget-text-editor.elementor-drop-cap-view-framed .elementor-drop-cap{color:#69727d;border:3px solid;background-color:transparent}.elementor-widget-text-editor:not(.elementor-drop-cap-view-default) .elementor-drop-cap{margin-top:8px}.elementor-widget-text-editor:not(.elementor-drop-cap-view-default) .elementor-drop-cap-letter{width:1em;height:1em}.elementor-widget-text-editor .elementor-drop-cap{float:left;text-align:center;line-height:1;font-size:50px}.elementor-widget-text-editor .elementor-drop-cap-letter{display:inline-block}<\/style>\t\t\t\t<p><b>INFORME COMPLETO DE LA DGT<\/b><\/p>\n<p>Obt\u00e9n tu informe completo de la DGT de forma r\u00e1pida y sencilla<\/p>\n<p><strong>\u00bfPara qu\u00e9 sirve solicitar un informe completo de la DGT?<\/strong><\/p>\n<p>A trav\u00e9s de la obtenci\u00f3n de un informe completo de la DGT se puede obtener informaci\u00f3n importante relacionada con un veh\u00edculo siempre que haya sido matriculado en Espa\u00f1a, como puede ser, la existencia de embargos, precintos, procedimientos concursales, vigencia de la inspecci\u00f3n t\u00e9cnica, etc., por lo tanto, se trata de un tr\u00e1mite muy aconsejable de hacer antes de adquirir un veh\u00edculo de segunda mano.<\/p>\n<p><strong>INFORMACI\u00d3N DE AYUDA PARA INTERPRETAR EL INFORME COMPLETO DE LA DGT<\/strong><\/p>\n<p><strong>Datos del titular<\/strong><\/p>\n<p>Identifica la filiaci\u00f3n o la raz\u00f3n social del titular. En caso de que el veh\u00edculo conste a nombre de varios cotitulares, se identificar\u00e1 cada uno.<\/p>\n<p>Si aparece Renting: SI significa que el veh\u00edculo pertenece a una empresa de renting.<\/p>\n<p><strong>Identificaci\u00f3n del veh\u00edculo<\/strong><\/p>\n<p>Se muestran una serie de datos b\u00e1sicos para identificar el veh\u00edculo como son el bastidor, la marca, el modelo, la fecha de matriculaci\u00f3n,\u2026. Adem\u00e1s, se identifica si el veh\u00edculo consta en servicio de Renting, y el municipio donde abona el impuesto de circulaci\u00f3n (IVTM).<\/p>\n<p><strong>Datos sobre el seguro obligatorio<\/strong><\/p>\n<p>Indica si el veh\u00edculo consta como asegurado, y el nombre de la compa\u00f1\u00eda aseguradora.<\/p>\n<p><strong>Inspecci\u00f3n T\u00e9cnica de Veh\u00edculos<\/strong><\/p>\n<p>Se muestra el historial de inspecciones ITV del veh\u00edculo, identificando la fecha de realizaci\u00f3n de las inspecciones, la estaci\u00f3n ITV que lo hizo, los defectos detectados, los plazos de caducidad ITV, as\u00ed como el kilometraje en aquellos casos en que la estaci\u00f3n ITV remiti\u00f3 a la DGT esta informaci\u00f3n.<\/p>\n<ul>\n<li><strong>ITV favorable<\/strong>: Indica que el veh\u00edculo puede circular con normalidad hasta la fecha de pr\u00f3xima inspecci\u00f3n.<\/li>\n<li><strong>ITV desfavorable<\/strong>: Indica que la estaci\u00f3n ITV que realiz\u00f3 la inspecci\u00f3n t\u00e9cnica, detect\u00f3 defectos graves en el veh\u00edculo. Se debe reparar el veh\u00edculo ya que est\u00e1 inhabilitado para circular por las v\u00edas p\u00fablicas, excepto para el traslado al taller y vuelta a la misma estaci\u00f3n ITV para nueva inspecci\u00f3n. Importante: Si transcurridos dos meses desde que se comunic\u00f3 el resultado desfavorable de la ITV, el veh\u00edculo no se presenta a inspecci\u00f3n, la estaci\u00f3n ITV propondr\u00e1 la baja definitiva del veh\u00edculo.<\/li>\n<li><strong>ITV caducada<\/strong>: Indica que el veh\u00edculo no est\u00e1 autorizado para circular. Se debe llevar el veh\u00edculo a una estaci\u00f3n ITV para superar la inspecci\u00f3n t\u00e9cnica peri\u00f3dica.<\/li>\n<li><strong>ITV negativa<\/strong> Indica que la estaci\u00f3n ITV que realiz\u00f3 la \u00faltima inspecci\u00f3n t\u00e9cnica detect\u00f3 defectos muy graves en el veh\u00edculo. En consecuencia, el veh\u00edculo no puede circular por medios propios, y debe ser remolcado por una gr\u00faa hasta el lugar de la reparaci\u00f3n y volver a la estaci\u00f3n ITV para nueva inspecci\u00f3n.<\/li>\n<\/ul>\n<p><strong><br><\/strong><\/p><p><strong>Historial de bajas<\/strong><\/p>\n<p>Este historial muestra si el veh\u00edculo est\u00e1 de baja en este momento o si lo ha estado, indicando el motivo y el per\u00edodo de baja. <\/p>\n<p>Los veh\u00edculos que est\u00e9n en situaci\u00f3n de baja, ya sea temporal o definitiva, no est\u00e1n autorizados a circular hasta que se vuelvan a dar de alta.<\/p>\n<p><strong>Historial de lecturas del cuenta kil\u00f3metros<\/strong><\/p>\n<p>En esta secci\u00f3n se recopilan todas las lecturas del cuenta kil\u00f3metros que han sido reportadas a la DGT, indicando la fecha de la lectura y el origen, ya sea una estaci\u00f3n ITV, una declaraci\u00f3n voluntaria del titular, lecturas de talleres,&#8230; <\/p>\n<p>La DGT no se hace responsable de la veracidad de las lecturas, ya que han sido facilitadas por entidades ajenas. <\/p>\n<p><strong>Indicador de veh\u00edculo con denegatoria <\/strong><\/p>\n<p>Si aparece el texto <strong>Incidencia denegatoria <\/strong>debe informarse en la oficina de Tr\u00e1fico de las causas de este estado. Puede significar que el veh\u00edculo tiene algunas restricciones para corregir antes de poder vender o hacer cualquier otro tr\u00e1mite. Orientaci\u00f3n sobre posibles causas de esta denegatoria en \u00abcargas o grav\u00e1menes\u00bb.<\/p>\n<p><strong>Cargas o grav\u00e1menes<\/strong><\/p>\n<ul>\n<li><strong>Embargo<\/strong>: Indica la existencia de una carga sobre el veh\u00edculo ordenada por una autoridad judicial o administrativa para garantizar el cobro de una deuda que tiene el titular del veh\u00edculo. La existencia de un embargo no impide la transferencia del veh\u00edculo, aunque el embargo contin\u00faa. <\/li>\n<li><strong>Reserva de dominio<\/strong>: Indica que el veh\u00edculo se adquiri\u00f3 mediante un contrato de venta a plazos en que, el vendedor o la entidad financiera y el comprador, acordaron que la transmisi\u00f3n de la propiedad del veh\u00edculo no se producir\u00e1 hasta que el comprador haya pagado la totalidad del precio. Si ya se ha realizado el pago total del veh\u00edculo a la entidad financiera, debe solicitarse el correspondiente escrito en que conste el pago, y presentarlo en el Registro de Bienes Muebles correspondiente para cancelar la reserva de dominio. La reserva de dominio hasta que no est\u00e9 cancelada impide la transferencia del veh\u00edculo.<\/li>\n<li><strong>Renting<\/strong>: Indica la existencia de un contrato de arrendamiento en virtud del cual una persona utiliza un veh\u00edculo propiedad del arrendador. Una vez finalizado el plazo del arrendamiento, el veh\u00edculo deber\u00e1 ser devuelto a la entidad arrendadora y deber\u00e1 cancelarse el contrato en el Registro de Bienes Muebles competente.<\/li>\n<li><strong> Precinto<\/strong>: Indica que una autoridad judicial o administrativa ha solicitado que se impida la circulaci\u00f3n del veh\u00edculo as\u00ed como su inmovilizaci\u00f3n.<\/li>\n<li><strong>Leasing<\/strong>: Indica que, mediante un contrato de arrendamiento con opci\u00f3n de compra de un veh\u00edculo, el arrendatario puede adquirir la propiedad del veh\u00edculo mediante el pago de cuotas mensuales y una cuota residual al finalizar el contrato. Una vez pagadas todas las cuotas, el arrendatario adquiere la propiedad del veh\u00edculo y debe solicitar de la entidad financiera la documentaci\u00f3n necesaria para cancelar el leasing en el Registro de Bienes Muebles competente. El leasing, hasta que no est\u00e9 cancelado, impide la transferencia del veh\u00edculo.<\/li>\n<li><strong>Hipoteca Mobiliaria<\/strong>: Indica que el veh\u00edculo est\u00e1 gravado con una carga en garant\u00eda del pago de un cr\u00e9dito. Si el cr\u00e9dito est\u00e1 cancelado, se debe solicitar al acreedor la documentaci\u00f3n necesaria para cancelar tambi\u00e9n la hipoteca en el Registro de Bienes Muebles competente.<\/li>\n<\/ul>\n<p><strong><br><\/strong><\/p><p><strong>Informaci\u00f3n t\u00e9cnica<\/strong><\/p>\n<p>Se muestran todos los datos t\u00e9cnicos del veh\u00edculo que constan en el registro de veh\u00edculos tales como potencia, combustible, dimensiones del veh\u00edculo, masas m\u00e1ximas, plazas&#8230; <\/p>\n<p><strong>Historial de titulares<\/strong><\/p>\n<p>Muestra el n\u00famero de titulares que ha tenido el veh\u00edculo, identificando las fechas en que cada uno fue titular, y mostrando si el titular se trataba de una persona f\u00edsica o jur\u00eddica.<\/p>\n<p><strong>Informaci\u00f3n ambiental<\/strong><\/p>\n<p>Se ha querido dar especial relevancia a los datos ambientales del veh\u00edculo como:<\/p>\n<ul>\n<li><strong>Combustible:<\/strong> Indica la fuente de alimentaci\u00f3n principal del veh\u00edculo.<\/li>\n<li><strong>Consumo (Wh\/km)<\/strong>: Indica el gasto de energ\u00eda el\u00e9ctrica por kil\u00f3metro.<\/li>\n<li><strong>Categor\u00eda veh\u00edculo el\u00e9ctrico<\/strong>: Indica la tecnolog\u00eda el\u00e9ctrica o h\u00edbrida que incorpora el veh\u00edculo.<\/li>\n<li><strong>Autonom\u00eda el\u00e9ctrica (Km)<\/strong>: Indica el rendimiento m\u00e1ximo de las bater\u00edas el\u00e9ctricas.<\/li>\n<\/ul>\n<p><strong><br><\/strong><\/p><p><strong>Seguridad del veh\u00edculo<\/strong><\/p>\n<p><strong>Euro NCAP<\/strong> (European New Car Assessment Programme, \u00abPrograma Europeo de Evaluaci\u00f3n de Autom\u00f3viles Nuevos\u00bb) es un programa de seguridad para autom\u00f3viles apoyado por varios gobiernos europeos, muchos fabricantes de autom\u00f3viles y organizaciones relacionadas con el sector automoci\u00f3n de todo el mundo.<\/p>\n<p><strong>Euro NCAP<\/strong> ha creado un sistema de valoraci\u00f3n de seguridad de cinco estrellas para ayudar a comparar veh\u00edculos con m\u00e1s facilidad e identificar los veh\u00edculos m\u00e1s seguros.<\/p>\n<p>Para obtener m\u00e1s informaci\u00f3n, puede acudir a <a href=\"http:\/\/www.euroncap.com\/es\" target=\"_blank\" rel=\"noopener\">http:\/\/www.euroncap.com\/es<\/a><\/p>\t\t\t\t\t\t<\/div>\n\t\t\t\t<\/div>\n\t\t\t\t\t<\/div>\n\t\t\t\t<\/div>\n\t\t\t\t<\/div>\n\t\t","protected":false},"excerpt":{"rendered":"<p>Tr\u00e1mites para veh\u00edculos | Informes DGT INFORME COMPLETO DE LA DGT Obt\u00e9n tu informe completo de la DGT de forma r\u00e1pida y sencilla \u00bfPara qu\u00e9 sirve solicitar un informe completo de la DGT? A trav\u00e9s de la obtenci\u00f3n de un informe completo de la DGT se puede obtener informaci\u00f3n importante relacionada con un veh\u00edculo siempre [&hellip;]<\/p>\n","protected":false},"author":1,"featured_media":0,"parent":0,"menu_order":4,"comment_status":"closed","ping_status":"closed","template":"","meta":{"_acf_changed":false,"footnotes":""},"class_list":["post-100","page","type-page","status-publish","hentry"],"acf":[],"_links":{"self":[{"href":"https:\/\/gestoriamagi.com\/es\/wp-json\/wp\/v2\/pages\/100","targetHints":{"allow":["GET"]}}],"collection":[{"href":"https:\/\/gestoriamagi.com\/es\/wp-json\/wp\/v2\/pages"}],"about":[{"href":"https:\/\/gestoriamagi.com\/es\/wp-json\/wp\/v2\/types\/page"}],"author":[{"embeddable":true,"href":"https:\/\/gestoriamagi.com\/es\/wp-json\/wp\/v2\/users\/1"}],"replies":[{"embeddable":true,"href":"https:\/\/gestoriamagi.com\/es\/wp-json\/wp\/v2\/comments?post=100"}],"version-history":[{"count":11,"href":"https:\/\/gestoriamagi.com\/es\/wp-json\/wp\/v2\/pages\/100\/revisions"}],"predecessor-version":[{"id":65844,"href":"https:\/\/gestoriamagi.com\/es\/wp-json\/wp\/v2\/pages\/100\/revisions\/65844"}],"wp:attachment":[{"href":"https:\/\/gestoriamagi.com\/es\/wp-json\/wp\/v2\/media?parent=100"}],"curies":[{"name":"wp","href":"https:\/\/api.w.org\/{rel}","templated":true}]}}